{"id":27069,"date":"2017-05-27T19:23:05","date_gmt":"2017-05-27T16:23:05","guid":{"rendered":"https:\/\/www.biopapa.lv\/my-wish-list\/"},"modified":"2017-05-27T19:23:05","modified_gmt":"2017-05-27T16:23:05","slug":"my-wish-list","status":"publish","type":"page","link":"https:\/\/www.biopapa.lv\/en\/my-wish-list\/","title":{"rendered":"My wish list"},"content":{"rendered":"\t\t\n\t\t\n\n\t\t\t\t<div class=\"\" >\n\t\t\t\t\t\t<div class=\"wd-wishlist-content\">\n\t\t\t\t\t\t\t\t\t\n\t\t<div class=\"wd-empty-block wd-empty-wishlist\">\n\n\t\t<h2 class=\"wd-empty-block-title\">\n\t\t\tThis wishlist is empty.\t\t<\/h2>\n\n\t\t\t\t\t<p class=\"wd-empty-block-text\">\n\t\t\t\tTav\u0101 v\u0113lmju sarakst\u0101 nav neviena produkta. <br> Sada\u013c\u0101 \"Veikals\" atrad\u012bsi daudz interesantu produktu.\t\t\t<\/p>\n\t\t\n\t\t\n\t\t\t\t\t<a class=\"button btn btn-accent wd-empty-block-btn\" href=\"https:\/\/www.biopapa.lv\/en\/shop\/\">\n\t\t\t\tReturn to shop\t\t\t<\/a>\n\t\t\n\t\t\t\t\t<\/div>\n\t\t\t\t\t\t\t\t\t\t\t<\/div>\n\t\t\t\t<\/div>\n\t\t\n","protected":false},"excerpt":{"rendered":"This wishlist is empty. Tav\u0101 v\u0113lmju sarakst\u0101 nav neviena produkta. Sada\u013c\u0101 \"Veikals\" atrad\u012bsi daudz interesantu produktu. Return to shop","protected":false},"author":390,"featured_media":0,"parent":0,"menu_order":0,"comment_status":"closed","ping_status":"closed","template":"","meta":{"_acf_changed":false,"footnotes":""},"class_list":["post-27069","page","type-page","status-publish","hentry"],"acf":[],"yoast_head":"<!-- This site is optimized with the Yoast SEO plugin v27.4 - https:\/\/yoast.com\/product\/yoast-seo-wordpress\/ -->\n<title>My wish list - Biopapa<\/title>\n<meta name=\"robots\" content=\"index, follow, max-snippet:-1, max-image-preview:large, max-video-preview:-1\" \/>\n<link rel=\"canonical\" href=\"https:\/\/www.biopapa.lv\/en\/my-wish-list\/\" \/>\n<meta property=\"og:locale\" content=\"en_US\" \/>\n<meta property=\"og:type\" content=\"article\" \/>\n<meta property=\"og:title\" content=\"My wish list - Biopapa\" \/>\n<meta property=\"og:url\" content=\"https:\/\/www.biopapa.lv\/en\/my-wish-list\/\" \/>\n<meta property=\"og:site_name\" content=\"Biopapa\" \/>\n<meta property=\"article:publisher\" content=\"https:\/\/www.facebook.com\/biopapa.lv\" \/>\n<meta property=\"og:image\" content=\"https:\/\/www.biopapa.lv\/wp-content\/uploads\/2022\/02\/Biopapa_logo_ps.jpg\" \/>\n\t<meta property=\"og:image:width\" content=\"1000\" \/>\n\t<meta property=\"og:image:height\" content=\"1000\" \/>\n\t<meta property=\"og:image:type\" content=\"image\/jpeg\" \/>\n<meta name=\"twitter:card\" content=\"summary_large_image\" \/>\n<script type=\"application\/ld+json\" class=\"yoast-schema-graph\">{\"@context\":\"https:\\\/\\\/schema.org\",\"@graph\":[{\"@type\":\"WebPage\",\"@id\":\"https:\\\/\\\/www.biopapa.lv\\\/en\\\/my-wish-list\\\/\",\"url\":\"https:\\\/\\\/www.biopapa.lv\\\/en\\\/my-wish-list\\\/\",\"name\":\"My wish list - Biopapa\",\"isPartOf\":{\"@id\":\"https:\\\/\\\/www.biopapa.lv\\\/en\\\/#website\"},\"datePublished\":\"2017-05-27T16:23:05+00:00\",\"breadcrumb\":{\"@id\":\"https:\\\/\\\/www.biopapa.lv\\\/en\\\/my-wish-list\\\/#breadcrumb\"},\"inLanguage\":\"en-US\",\"potentialAction\":[{\"@type\":\"ReadAction\",\"target\":[\"https:\\\/\\\/www.biopapa.lv\\\/en\\\/my-wish-list\\\/\"]}]},{\"@type\":\"BreadcrumbList\",\"@id\":\"https:\\\/\\\/www.biopapa.lv\\\/en\\\/my-wish-list\\\/#breadcrumb\",\"itemListElement\":[{\"@type\":\"ListItem\",\"position\":1,\"name\":\"Home\",\"item\":\"https:\\\/\\\/www.biopapa.lv\\\/en\\\/\"},{\"@type\":\"ListItem\",\"position\":2,\"name\":\"My wish list\"}]},{\"@type\":\"WebSite\",\"@id\":\"https:\\\/\\\/www.biopapa.lv\\\/en\\\/#website\",\"url\":\"https:\\\/\\\/www.biopapa.lv\\\/en\\\/\",\"name\":\"Biopapa\",\"description\":\"Biolo\u0123iski un t\u012bri produkti\",\"publisher\":{\"@id\":\"https:\\\/\\\/www.biopapa.lv\\\/en\\\/#organization\"},\"potentialAction\":[{\"@type\":\"SearchAction\",\"target\":{\"@type\":\"EntryPoint\",\"urlTemplate\":\"https:\\\/\\\/www.biopapa.lv\\\/en\\\/?s={search_term_string}\"},\"query-input\":{\"@type\":\"PropertyValueSpecification\",\"valueRequired\":true,\"valueName\":\"search_term_string\"}}],\"inLanguage\":\"en-US\"},{\"@type\":\"Organization\",\"@id\":\"https:\\\/\\\/www.biopapa.lv\\\/en\\\/#organization\",\"name\":\"Biopapa\",\"url\":\"https:\\\/\\\/www.biopapa.lv\\\/en\\\/\",\"logo\":{\"@type\":\"ImageObject\",\"inLanguage\":\"en-US\",\"@id\":\"https:\\\/\\\/www.biopapa.lv\\\/en\\\/#\\\/schema\\\/logo\\\/image\\\/\",\"url\":\"https:\\\/\\\/biopapa.lv\\\/wp-content\\\/uploads\\\/2022\\\/02\\\/Biopapa_logo_ps.jpg\",\"contentUrl\":\"https:\\\/\\\/biopapa.lv\\\/wp-content\\\/uploads\\\/2022\\\/02\\\/Biopapa_logo_ps.jpg\",\"width\":1000,\"height\":1000,\"caption\":\"Biopapa\"},\"image\":{\"@id\":\"https:\\\/\\\/www.biopapa.lv\\\/en\\\/#\\\/schema\\\/logo\\\/image\\\/\"},\"sameAs\":[\"https:\\\/\\\/www.facebook.com\\\/biopapa.lv\"]}]}<\/script>\n<!-- \/ Yoast SEO plugin. -->","yoast_head_json":{"title":"My wish list - Biopapa","robots":{"index":"index","follow":"follow","max-snippet":"max-snippet:-1","max-image-preview":"max-image-preview:large","max-video-preview":"max-video-preview:-1"},"canonical":"https:\/\/www.biopapa.lv\/en\/my-wish-list\/","og_locale":"en_US","og_type":"article","og_title":"My wish list - Biopapa","og_url":"https:\/\/www.biopapa.lv\/en\/my-wish-list\/","og_site_name":"Biopapa","article_publisher":"https:\/\/www.facebook.com\/biopapa.lv","og_image":[{"width":1000,"height":1000,"url":"https:\/\/www.biopapa.lv\/wp-content\/uploads\/2022\/02\/Biopapa_logo_ps.jpg","type":"image\/jpeg"}],"twitter_card":"summary_large_image","schema":{"@context":"https:\/\/schema.org","@graph":[{"@type":"WebPage","@id":"https:\/\/www.biopapa.lv\/en\/my-wish-list\/","url":"https:\/\/www.biopapa.lv\/en\/my-wish-list\/","name":"My wish list - Biopapa","isPartOf":{"@id":"https:\/\/www.biopapa.lv\/en\/#website"},"datePublished":"2017-05-27T16:23:05+00:00","breadcrumb":{"@id":"https:\/\/www.biopapa.lv\/en\/my-wish-list\/#breadcrumb"},"inLanguage":"en-US","potentialAction":[{"@type":"ReadAction","target":["https:\/\/www.biopapa.lv\/en\/my-wish-list\/"]}]},{"@type":"BreadcrumbList","@id":"https:\/\/www.biopapa.lv\/en\/my-wish-list\/#breadcrumb","itemListElement":[{"@type":"ListItem","position":1,"name":"Home","item":"https:\/\/www.biopapa.lv\/en\/"},{"@type":"ListItem","position":2,"name":"My wish list"}]},{"@type":"WebSite","@id":"https:\/\/www.biopapa.lv\/en\/#website","url":"https:\/\/www.biopapa.lv\/en\/","name":"Biopapa","description":"Biolo\u0123iski un t\u012bri produkti","publisher":{"@id":"https:\/\/www.biopapa.lv\/en\/#organization"},"potentialAction":[{"@type":"SearchAction","target":{"@type":"EntryPoint","urlTemplate":"https:\/\/www.biopapa.lv\/en\/?s={search_term_string}"},"query-input":{"@type":"PropertyValueSpecification","valueRequired":true,"valueName":"search_term_string"}}],"inLanguage":"en-US"},{"@type":"Organization","@id":"https:\/\/www.biopapa.lv\/en\/#organization","name":"Biopapa","url":"https:\/\/www.biopapa.lv\/en\/","logo":{"@type":"ImageObject","inLanguage":"en-US","@id":"https:\/\/www.biopapa.lv\/en\/#\/schema\/logo\/image\/","url":"https:\/\/biopapa.lv\/wp-content\/uploads\/2022\/02\/Biopapa_logo_ps.jpg","contentUrl":"https:\/\/biopapa.lv\/wp-content\/uploads\/2022\/02\/Biopapa_logo_ps.jpg","width":1000,"height":1000,"caption":"Biopapa"},"image":{"@id":"https:\/\/www.biopapa.lv\/en\/#\/schema\/logo\/image\/"},"sameAs":["https:\/\/www.facebook.com\/biopapa.lv"]}]}},"_links":{"self":[{"href":"https:\/\/www.biopapa.lv\/en\/wp-json\/wp\/v2\/pages\/27069","targetHints":{"allow":["GET"]}}],"collection":[{"href":"https:\/\/www.biopapa.lv\/en\/wp-json\/wp\/v2\/pages"}],"about":[{"href":"https:\/\/www.biopapa.lv\/en\/wp-json\/wp\/v2\/types\/page"}],"author":[{"embeddable":true,"href":"https:\/\/www.biopapa.lv\/en\/wp-json\/wp\/v2\/users\/390"}],"replies":[{"embeddable":true,"href":"https:\/\/www.biopapa.lv\/en\/wp-json\/wp\/v2\/comments?post=27069"}],"version-history":[{"count":0,"href":"https:\/\/www.biopapa.lv\/en\/wp-json\/wp\/v2\/pages\/27069\/revisions"}],"wp:attachment":[{"href":"https:\/\/www.biopapa.lv\/en\/wp-json\/wp\/v2\/media?parent=27069"}],"curies":[{"name":"wp","href":"https:\/\/api.w.org\/{rel}","templated":true}]}}