{"id":30457,"date":"2023-09-13T21:06:33","date_gmt":"2023-09-13T18:06:33","guid":{"rendered":"https:\/\/www.biopapa.lv\/produkts\/organic-ground-ceylon-cinnamon-38-g-biopapa\/"},"modified":"2023-09-13T21:06:33","modified_gmt":"2023-09-13T18:06:33","slug":"organic-ground-ceylon-cinnamon-38-g-biopapa","status":"publish","type":"product","link":"https:\/\/www.biopapa.lv\/en\/produkts\/organic-ground-ceylon-cinnamon-38-g-biopapa\/","title":{"rendered":"Organic ground Ceylon cinnamon, 38 g, Biopapa"},"content":{"rendered":"<p>Since ancient times, cinnamon has been valued not only in culinary traditions, but also in natural medicine practices around the world. There are two main types of cinnamon, each with its own unique properties and potential health effects: Ceylon cinnamon (Cinnamomum verum) and Cassia cinnamon (Cinnamomum cassia).<br \/>\nWe will look at the advantages and side effects of both varieties, and discuss in more detail the advantages and health benefits of Ceylon cinnamon.<\/p>\n<p><strong>Ceylon cinnamon<\/strong><br \/>\nCeilonas kan\u0113\u013ca, kas paz\u012bstams ar\u012b k\u0101 \u201c\u012bstais kan\u0113lis\u201d, dzimtene ir \u0160rilanka un Indijas da\u013cas. It is known for its delicate, mildly sweet taste and aroma.<br \/>\nCeylon cinnamon contains lower levels of coumarin (an aromatic substance that accumulates in cinnamon bark), which can be toxic to the liver if consumed in large quantities. For this reason, Ceylon cinnamon is preferred to Cassia cinnamon, which has a higher coumarin content.<br \/>\nIn Ayurveda and Traditional Chinese Medicine (TCM), Ceylon cinnamon is highly valued for its healing properties. It is thought to support the digestive system, promote respiratory health and help balance blood sugar levels.<\/p>\n<p><strong>Use of Ceylon cinnamon<\/strong><br \/>\n<em>Baking:<\/em> Ceylon cinnamon is a great addition to baked goods. Use it in cakes, biscuits, muffins and breads for a subtle and aromatic flavour.<br \/>\n<em>Cereal:<\/em> sprinkle a pinch of Ceylon cinnamon on your morning oatmeal or cereal to make your day cosy and delicious.<br \/>\n<em>Smoothies:<\/em> mix Ceylon cinnamon into your favourite cocktail recipes to add a warm and inviting flavour.<br \/>\n<em>Hot drinks:<\/em> add a pinch of Ceylon cinnamon to hot drinks such as coffee, tea, hot chocolate or chai masala.<br \/>\n<em>Yoghurt:<\/em> mix Ceylon cinnamon in plain yoghurt with a little honey or maple syrup.<br \/>\n<em>Stews:<\/em> Ceylon cinnamon adds a subtle flavour to savoury dishes such as curries, stews and sauces.<br \/>\n<em>Rice dishes:<\/em> sprinkle Ceylon cinnamon on rice dishes such as biryani or plov to enhance their flavour.<\/p>\n<p>Enjoy the unusual aroma and unique flavour that Ceylon cinnamon will bring to your dishes!<\/p>\n<p>&nbsp;<\/p>\n<p><em>NOTE. The information provided here should not be interpreted as advice for treatment or other health problems. We encourage you to make decisions about your personal health by considering different sources of information.<\/em><\/p>\n","protected":false},"excerpt":{"rendered":"<p>Since ancient times, cinnamon has been valued not only in culinary traditions, but also in natural medicine practices around the<\/p>\n","protected":false},"featured_media":26248,"template":"","meta":{"_acf_changed":false},"product_brand":[],"product_cat":[1556],"product_tag":[1505],"woo-feed-brand":[],"class_list":{"0":"post-30457","1":"product","2":"type-product","3":"status-publish","4":"has-post-thumbnail","6":"product_cat-spices","7":"product_tag-for-vegans","9":"first","10":"instock","11":"shipping-taxable","12":"purchasable","13":"product-type-simple"},"acf":[],"yoast_head":"<!-- This site is optimized with the Yoast SEO plugin v27.5 - https:\/\/yoast.com\/product\/yoast-seo-wordpress\/ -->\n<title>Organic ground Ceylon cinnamon, 38 g, Biopapa - Biopapa<\/title>\n<meta name=\"description\" content=\"Ceylon cinnamon is a great accompaniment to baked goods. Use it in cakes, biscuits, muffins and breads for a subtle and aromatic flavour.\" \/>\n<meta name=\"robots\" content=\"index, follow, max-snippet:-1, max-image-preview:large, max-video-preview:-1\" \/>\n<link rel=\"canonical\" href=\"https:\/\/www.biopapa.lv\/en\/produkts\/organic-ground-ceylon-cinnamon-38-g-biopapa\/\" \/>\n<meta property=\"og:locale\" content=\"en_US\" \/>\n<meta property=\"og:type\" content=\"article\" \/>\n<meta property=\"og:title\" content=\"Organic ground Ceylon cinnamon, 38 g, Biopapa - Biopapa\" \/>\n<meta property=\"og:description\" content=\"Ceylon cinnamon is a great accompaniment to baked goods. Use it in cakes, biscuits, muffins and breads for a subtle and aromatic flavour.\" \/>\n<meta property=\"og:url\" content=\"https:\/\/www.biopapa.lv\/en\/produkts\/organic-ground-ceylon-cinnamon-38-g-biopapa\/\" \/>\n<meta property=\"og:site_name\" content=\"Biopapa\" \/>\n<meta property=\"article:publisher\" content=\"https:\/\/www.facebook.com\/biopapa.lv\" \/>\n<meta property=\"og:image\" content=\"https:\/\/www.biopapa.lv\/wp-content\/uploads\/2023\/09\/Biologisks-malts-Ceilonas-kanelis.png\" \/>\n\t<meta property=\"og:image:width\" content=\"800\" \/>\n\t<meta property=\"og:image:height\" content=\"640\" \/>\n\t<meta property=\"og:image:type\" content=\"image\/png\" \/>\n<meta name=\"twitter:card\" content=\"summary_large_image\" \/>\n<meta name=\"twitter:label1\" content=\"Est. reading time\" \/>\n\t<meta name=\"twitter:data1\" content=\"2 minutes\" \/>\n<script type=\"application\/ld+json\" class=\"yoast-schema-graph\">{\"@context\":\"https:\\\/\\\/schema.org\",\"@graph\":[{\"@type\":\"WebPage\",\"@id\":\"https:\\\/\\\/www.biopapa.lv\\\/en\\\/produkts\\\/organic-ground-ceylon-cinnamon-38-g-biopapa\\\/\",\"url\":\"https:\\\/\\\/www.biopapa.lv\\\/en\\\/produkts\\\/organic-ground-ceylon-cinnamon-38-g-biopapa\\\/\",\"name\":\"Organic ground Ceylon cinnamon, 38 g, Biopapa - Biopapa\",\"isPartOf\":{\"@id\":\"https:\\\/\\\/www.biopapa.lv\\\/en\\\/#website\"},\"primaryImageOfPage\":{\"@id\":\"https:\\\/\\\/www.biopapa.lv\\\/en\\\/produkts\\\/organic-ground-ceylon-cinnamon-38-g-biopapa\\\/#primaryimage\"},\"image\":{\"@id\":\"https:\\\/\\\/www.biopapa.lv\\\/en\\\/produkts\\\/organic-ground-ceylon-cinnamon-38-g-biopapa\\\/#primaryimage\"},\"thumbnailUrl\":\"https:\\\/\\\/www.biopapa.lv\\\/wp-content\\\/uploads\\\/2023\\\/09\\\/Biologisks-malts-Ceilonas-kanelis.png\",\"datePublished\":\"2023-09-13T18:06:33+00:00\",\"description\":\"Ceylon cinnamon is a great accompaniment to baked goods. Use it in cakes, biscuits, muffins and breads for a subtle and aromatic flavour.\",\"breadcrumb\":{\"@id\":\"https:\\\/\\\/www.biopapa.lv\\\/en\\\/produkts\\\/organic-ground-ceylon-cinnamon-38-g-biopapa\\\/#breadcrumb\"},\"inLanguage\":\"en-US\",\"potentialAction\":[{\"@type\":\"ReadAction\",\"target\":[\"https:\\\/\\\/www.biopapa.lv\\\/en\\\/produkts\\\/organic-ground-ceylon-cinnamon-38-g-biopapa\\\/\"]}]},{\"@type\":\"ImageObject\",\"inLanguage\":\"en-US\",\"@id\":\"https:\\\/\\\/www.biopapa.lv\\\/en\\\/produkts\\\/organic-ground-ceylon-cinnamon-38-g-biopapa\\\/#primaryimage\",\"url\":\"https:\\\/\\\/www.biopapa.lv\\\/wp-content\\\/uploads\\\/2023\\\/09\\\/Biologisks-malts-Ceilonas-kanelis.png\",\"contentUrl\":\"https:\\\/\\\/www.biopapa.lv\\\/wp-content\\\/uploads\\\/2023\\\/09\\\/Biologisks-malts-Ceilonas-kanelis.png\",\"width\":800,\"height\":640,\"caption\":\"Organic ground Ceylon cinnamon\"},{\"@type\":\"BreadcrumbList\",\"@id\":\"https:\\\/\\\/www.biopapa.lv\\\/en\\\/produkts\\\/organic-ground-ceylon-cinnamon-38-g-biopapa\\\/#breadcrumb\",\"itemListElement\":[{\"@type\":\"ListItem\",\"position\":1,\"name\":\"Home\",\"item\":\"https:\\\/\\\/www.biopapa.lv\\\/en\\\/\"},{\"@type\":\"ListItem\",\"position\":2,\"name\":\"Food\",\"item\":\"https:\\\/\\\/www.biopapa.lv\\\/en\\\/shop\\\/\"},{\"@type\":\"ListItem\",\"position\":3,\"name\":\"Organic ground Ceylon cinnamon, 38 g, Biopapa\"}]},{\"@type\":\"WebSite\",\"@id\":\"https:\\\/\\\/www.biopapa.lv\\\/en\\\/#website\",\"url\":\"https:\\\/\\\/www.biopapa.lv\\\/en\\\/\",\"name\":\"Biopapa\",\"description\":\"Biolo\u0123iski un t\u012bri produkti\",\"publisher\":{\"@id\":\"https:\\\/\\\/www.biopapa.lv\\\/en\\\/#organization\"},\"potentialAction\":[{\"@type\":\"SearchAction\",\"target\":{\"@type\":\"EntryPoint\",\"urlTemplate\":\"https:\\\/\\\/www.biopapa.lv\\\/en\\\/?s={search_term_string}\"},\"query-input\":{\"@type\":\"PropertyValueSpecification\",\"valueRequired\":true,\"valueName\":\"search_term_string\"}}],\"inLanguage\":\"en-US\"},{\"@type\":\"Organization\",\"@id\":\"https:\\\/\\\/www.biopapa.lv\\\/en\\\/#organization\",\"name\":\"Biopapa\",\"url\":\"https:\\\/\\\/www.biopapa.lv\\\/en\\\/\",\"logo\":{\"@type\":\"ImageObject\",\"inLanguage\":\"en-US\",\"@id\":\"https:\\\/\\\/www.biopapa.lv\\\/en\\\/#\\\/schema\\\/logo\\\/image\\\/\",\"url\":\"https:\\\/\\\/biopapa.lv\\\/wp-content\\\/uploads\\\/2022\\\/02\\\/Biopapa_logo_ps.jpg\",\"contentUrl\":\"https:\\\/\\\/biopapa.lv\\\/wp-content\\\/uploads\\\/2022\\\/02\\\/Biopapa_logo_ps.jpg\",\"width\":1000,\"height\":1000,\"caption\":\"Biopapa\"},\"image\":{\"@id\":\"https:\\\/\\\/www.biopapa.lv\\\/en\\\/#\\\/schema\\\/logo\\\/image\\\/\"},\"sameAs\":[\"https:\\\/\\\/www.facebook.com\\\/biopapa.lv\"]}]}<\/script>\n<!-- \/ Yoast SEO plugin. -->","yoast_head_json":{"title":"Organic ground Ceylon cinnamon, 38 g, Biopapa - Biopapa","description":"Ceylon cinnamon is a great accompaniment to baked goods. Use it in cakes, biscuits, muffins and breads for a subtle and aromatic flavour.","robots":{"index":"index","follow":"follow","max-snippet":"max-snippet:-1","max-image-preview":"max-image-preview:large","max-video-preview":"max-video-preview:-1"},"canonical":"https:\/\/www.biopapa.lv\/en\/produkts\/organic-ground-ceylon-cinnamon-38-g-biopapa\/","og_locale":"en_US","og_type":"article","og_title":"Organic ground Ceylon cinnamon, 38 g, Biopapa - Biopapa","og_description":"Ceylon cinnamon is a great accompaniment to baked goods. Use it in cakes, biscuits, muffins and breads for a subtle and aromatic flavour.","og_url":"https:\/\/www.biopapa.lv\/en\/produkts\/organic-ground-ceylon-cinnamon-38-g-biopapa\/","og_site_name":"Biopapa","article_publisher":"https:\/\/www.facebook.com\/biopapa.lv","og_image":[{"width":800,"height":640,"url":"https:\/\/www.biopapa.lv\/wp-content\/uploads\/2023\/09\/Biologisks-malts-Ceilonas-kanelis.png","type":"image\/png"}],"twitter_card":"summary_large_image","twitter_misc":{"Est. reading time":"2 minutes"},"schema":{"@context":"https:\/\/schema.org","@graph":[{"@type":"WebPage","@id":"https:\/\/www.biopapa.lv\/en\/produkts\/organic-ground-ceylon-cinnamon-38-g-biopapa\/","url":"https:\/\/www.biopapa.lv\/en\/produkts\/organic-ground-ceylon-cinnamon-38-g-biopapa\/","name":"Organic ground Ceylon cinnamon, 38 g, Biopapa - Biopapa","isPartOf":{"@id":"https:\/\/www.biopapa.lv\/en\/#website"},"primaryImageOfPage":{"@id":"https:\/\/www.biopapa.lv\/en\/produkts\/organic-ground-ceylon-cinnamon-38-g-biopapa\/#primaryimage"},"image":{"@id":"https:\/\/www.biopapa.lv\/en\/produkts\/organic-ground-ceylon-cinnamon-38-g-biopapa\/#primaryimage"},"thumbnailUrl":"https:\/\/www.biopapa.lv\/wp-content\/uploads\/2023\/09\/Biologisks-malts-Ceilonas-kanelis.png","datePublished":"2023-09-13T18:06:33+00:00","description":"Ceylon cinnamon is a great accompaniment to baked goods. Use it in cakes, biscuits, muffins and breads for a subtle and aromatic flavour.","breadcrumb":{"@id":"https:\/\/www.biopapa.lv\/en\/produkts\/organic-ground-ceylon-cinnamon-38-g-biopapa\/#breadcrumb"},"inLanguage":"en-US","potentialAction":[{"@type":"ReadAction","target":["https:\/\/www.biopapa.lv\/en\/produkts\/organic-ground-ceylon-cinnamon-38-g-biopapa\/"]}]},{"@type":"ImageObject","inLanguage":"en-US","@id":"https:\/\/www.biopapa.lv\/en\/produkts\/organic-ground-ceylon-cinnamon-38-g-biopapa\/#primaryimage","url":"https:\/\/www.biopapa.lv\/wp-content\/uploads\/2023\/09\/Biologisks-malts-Ceilonas-kanelis.png","contentUrl":"https:\/\/www.biopapa.lv\/wp-content\/uploads\/2023\/09\/Biologisks-malts-Ceilonas-kanelis.png","width":800,"height":640,"caption":"Organic ground Ceylon cinnamon"},{"@type":"BreadcrumbList","@id":"https:\/\/www.biopapa.lv\/en\/produkts\/organic-ground-ceylon-cinnamon-38-g-biopapa\/#breadcrumb","itemListElement":[{"@type":"ListItem","position":1,"name":"Home","item":"https:\/\/www.biopapa.lv\/en\/"},{"@type":"ListItem","position":2,"name":"Food","item":"https:\/\/www.biopapa.lv\/en\/shop\/"},{"@type":"ListItem","position":3,"name":"Organic ground Ceylon cinnamon, 38 g, Biopapa"}]},{"@type":"WebSite","@id":"https:\/\/www.biopapa.lv\/en\/#website","url":"https:\/\/www.biopapa.lv\/en\/","name":"Biopapa","description":"Biolo\u0123iski un t\u012bri produkti","publisher":{"@id":"https:\/\/www.biopapa.lv\/en\/#organization"},"potentialAction":[{"@type":"SearchAction","target":{"@type":"EntryPoint","urlTemplate":"https:\/\/www.biopapa.lv\/en\/?s={search_term_string}"},"query-input":{"@type":"PropertyValueSpecification","valueRequired":true,"valueName":"search_term_string"}}],"inLanguage":"en-US"},{"@type":"Organization","@id":"https:\/\/www.biopapa.lv\/en\/#organization","name":"Biopapa","url":"https:\/\/www.biopapa.lv\/en\/","logo":{"@type":"ImageObject","inLanguage":"en-US","@id":"https:\/\/www.biopapa.lv\/en\/#\/schema\/logo\/image\/","url":"https:\/\/biopapa.lv\/wp-content\/uploads\/2022\/02\/Biopapa_logo_ps.jpg","contentUrl":"https:\/\/biopapa.lv\/wp-content\/uploads\/2022\/02\/Biopapa_logo_ps.jpg","width":1000,"height":1000,"caption":"Biopapa"},"image":{"@id":"https:\/\/www.biopapa.lv\/en\/#\/schema\/logo\/image\/"},"sameAs":["https:\/\/www.facebook.com\/biopapa.lv"]}]}},"_links":{"self":[{"href":"https:\/\/www.biopapa.lv\/en\/wp-json\/wp\/v2\/product\/30457","targetHints":{"allow":["GET"]}}],"collection":[{"href":"https:\/\/www.biopapa.lv\/en\/wp-json\/wp\/v2\/product"}],"about":[{"href":"https:\/\/www.biopapa.lv\/en\/wp-json\/wp\/v2\/types\/product"}],"wp:featuredmedia":[{"embeddable":true,"href":"https:\/\/www.biopapa.lv\/en\/wp-json\/wp\/v2\/media\/26248"}],"wp:attachment":[{"href":"https:\/\/www.biopapa.lv\/en\/wp-json\/wp\/v2\/media?parent=30457"}],"wp:term":[{"taxonomy":"product_brand","embeddable":true,"href":"https:\/\/www.biopapa.lv\/en\/wp-json\/wp\/v2\/product_brand?post=30457"},{"taxonomy":"product_cat","embeddable":true,"href":"https:\/\/www.biopapa.lv\/en\/wp-json\/wp\/v2\/product_cat?post=30457"},{"taxonomy":"product_tag","embeddable":true,"href":"https:\/\/www.biopapa.lv\/en\/wp-json\/wp\/v2\/product_tag?post=30457"},{"taxonomy":"woo-feed-brand","embeddable":true,"href":"https:\/\/www.biopapa.lv\/en\/wp-json\/wp\/v2\/woo-feed-brand?post=30457"}],"curies":[{"name":"wp","href":"https:\/\/api.w.org\/{rel}","templated":true}]}}