{"id":83918,"date":"2026-01-04T18:16:27","date_gmt":"2026-01-04T16:16:27","guid":{"rendered":"https:\/\/www.biopapa.lv\/produkts\/automatic-coffee-machine-nivona-nicr-790\/"},"modified":"2026-01-04T18:16:27","modified_gmt":"2026-01-04T16:16:27","slug":"automatic-coffee-machine-nivona-nicr-790","status":"publish","type":"product","link":"https:\/\/www.biopapa.lv\/en\/produkts\/automatic-coffee-machine-nivona-nicr-790\/","title":{"rendered":"Automatic coffee machine NIVONA NICR 790"},"content":{"rendered":"<p data-start=\"51\" data-end=\"88\"><strong data-start=\"51\" data-end=\"88\">Delivery only by Venipak courier.<\/strong><\/p>\n<p data-start=\"90\" data-end=\"142\"><strong>Automatic coffee machine NIVONA NICR 790<\/strong><\/p>\n<p data-start=\"144\" data-end=\"410\">The <strong data-start=\"174\" data-end=\"193\">NIVONA NICR 790<\/strong> automatic coffee machine is an improved model designed for true espresso and black coffee lovers. Precise controls, a quiet grinder, a colourful display and a modern design make this machine a daily coffee ritual. <\/p>\n<p data-start=\"412\" data-end=\"729\"><strong data-start=\"412\" data-end=\"431\">The NIVONA NICR 790<\/strong> is a high-end automatic coffee machine from the 7 series, designed for those looking for more than just coffee. Combining <strong data-start=\"558\" data-end=\"578\">Aromatica System<\/strong> technology, a powerful <strong data-start=\"600\" data-end=\"621\">15 bar pressure<\/strong> and advanced controls with a colour TFT screen, this model delivers authentic espresso quality in every cup.  <\/p>\n<p data-start=\"731\" data-end=\"1031\">Thanks to precise taste adjustment &#8211; from temperature to strength &#8211; the NICR 790 allows you to enjoy your coffee according to your individual preferences. Its excellence lies not only in the technology, but also in the design: the matt black body with elegant details creates a high-quality impression in any kitchen or office. <\/p>\n<p data-start=\"1033\" data-end=\"1304\">The machine is not equipped with a built-in automatic milk system, making it the ideal choice for those who prefer their espresso or black coffee without milk. The quiet <strong data-start=\"1193\" data-end=\"1234\">stainless steel grinder<\/strong> allows you to make coffee even in the early hours of the morning without disturbing others. <\/p>\n<p data-start=\"1306\" data-end=\"1487\">As with other NIVONA models, there are automatic descaling, rinsing and cleaning programmes, as well as a removable preparation unit for easy and hygienic use.<\/p>\n<p data-start=\"1494\" data-end=\"1514\"><strong>Key features<br \/>\n<\/strong> Aromatica<strong data-start=\"1518\" data-end=\"1538\">System<\/strong> &#8211; optimum extraction and intense aroma<br \/>\nColour <strong data-start=\"1596\" data-end=\"1610\">TFT screen<\/strong> with symbolic menu &#8211; clear and convenient control<br \/>\nPrecise adjustment of coffee strength, temperature and quantity<br \/>\nQuiet stainless steel conical coffee grinder<br \/>\nBoth beans and coffee can be used,<br \/>\n Automatic descaling, rinsing and maintenance programmes<br \/>\nRemovable brewing unit &#8211; easy care<br \/>\nModern matte black design<br \/>\nIdeal for espresso and black coffee lovers<\/p>\n<p data-start=\"2058\" data-end=\"2225\">With the <strong data-start=\"2061\" data-end=\"2080\">NIVONA NICR 790<\/strong>, the taste of coffee becomes an everyday indulgence &#8211; feel the difference in every sip. Buy now and enjoy coffee masterpieces in your home! <\/p>\n<p data-start=\"2232\" data-end=\"2257\"><strong>Technical specification<br \/>\n<\/strong>Manufacturer NIVONA (Germany)<br \/>\nModel: NICR 790<br \/>\nType of apparatus: automatic<br \/>\nType of coffee: coffee beans and ground coffee<br \/>\nDrinks to be made:<br \/>\n-espresso<br \/>\n-black coffee<br \/>\n-latte macchiato (with external automatic milk system)<br \/>\nMilk system: automatic milk frothing system with a syringe<br \/>\nCoffee grinder: conical, stainless steel, silent, adjustable grind<br \/>\nCoffee strength levels: 5<br \/>\nTemperature levels: 3<br \/>\nWater tank capacity: 2.2 l<br \/>\nCoffee bean container: 250 g<br \/>\nThickness bin: ~14 portions<br \/>\nCoffee outlet height: adjustable up to 14 cm<br \/>\nDisplay: colour TFT with symbolic menu<br \/>\nStatus indicators: yes<br \/>\nAutomatic switch-off: yes<br \/>\nNoise level: low<br \/>\nPump pressure: 15 bar<br \/>\nJauda: 1455 W<br \/>\nDimensions (W \u00d7 D \u00d7 H): 24 \u00d7 46 \u00d7 34 cm<br \/>\nWeight: ~8.7 kg<br \/>\nColour: matt black (&#8220;Black Line&#8221;)<br \/>\nWarranty: 24 months<br \/>\nCountry of origin: Germany<br \/>\nRecommended daily load: up to 30 cups per day<\/p>\n","protected":false},"excerpt":{"rendered":"<p>Delivery only by Venipak courier. Automatic coffee machine NIVONA NICR 790 The NIVONA NICR 790 automatic coffee machine is an<\/p>\n","protected":false},"featured_media":83818,"template":"","meta":{"_acf_changed":false},"product_brand":[],"product_cat":[1564,1572],"product_tag":[1652],"woo-feed-brand":[],"class_list":{"0":"post-83918","1":"product","2":"type-product","3":"status-publish","4":"has-post-thumbnail","6":"product_cat-home","7":"product_cat-household-appliances","8":"product_tag-household-appliances","10":"first","11":"instock","12":"shipping-taxable","13":"purchasable","14":"product-type-simple"},"acf":[],"yoast_head":"<!-- This site is optimized with the Yoast SEO plugin v27.3 - https:\/\/yoast.com\/product\/yoast-seo-wordpress\/ -->\n<title>Automatic coffee machine NIVONA NICR 790 - Biopapa<\/title>\n<meta name=\"description\" content=\"The NIVONA NICR 790 automatic coffee machine is a high-end model for espresso and black coffee lovers with the Aromatica System, a quiet grinder and a TFT screen.\" \/>\n<meta name=\"robots\" content=\"index, follow, max-snippet:-1, max-image-preview:large, max-video-preview:-1\" \/>\n<link rel=\"canonical\" href=\"https:\/\/www.biopapa.lv\/en\/produkts\/automatic-coffee-machine-nivona-nicr-790\/\" \/>\n<meta property=\"og:locale\" content=\"en_US\" \/>\n<meta property=\"og:type\" content=\"article\" \/>\n<meta property=\"og:title\" content=\"Automatic coffee machine NIVONA NICR 790 - Biopapa\" \/>\n<meta property=\"og:description\" content=\"The NIVONA NICR 790 automatic coffee machine is a high-end model for espresso and black coffee lovers with the Aromatica System, a quiet grinder and a TFT screen.\" \/>\n<meta property=\"og:url\" content=\"https:\/\/www.biopapa.lv\/en\/produkts\/automatic-coffee-machine-nivona-nicr-790\/\" \/>\n<meta property=\"og:site_name\" content=\"Biopapa\" \/>\n<meta property=\"article:publisher\" content=\"https:\/\/www.facebook.com\/biopapa.lv\" \/>\n<meta property=\"og:image\" content=\"https:\/\/www.biopapa.lv\/wp-content\/uploads\/2026\/01\/Automatiskais-kafijas-aparats-NIVONA-NICR-790.webp\" \/>\n\t<meta property=\"og:image:width\" content=\"800\" \/>\n\t<meta property=\"og:image:height\" content=\"640\" \/>\n\t<meta property=\"og:image:type\" content=\"image\/webp\" \/>\n<meta name=\"twitter:card\" content=\"summary_large_image\" \/>\n<meta name=\"twitter:label1\" content=\"Est. reading time\" \/>\n\t<meta name=\"twitter:data1\" content=\"2 minutes\" \/>\n<script type=\"application\/ld+json\" class=\"yoast-schema-graph\">{\"@context\":\"https:\\\/\\\/schema.org\",\"@graph\":[{\"@type\":\"WebPage\",\"@id\":\"https:\\\/\\\/www.biopapa.lv\\\/en\\\/produkts\\\/automatic-coffee-machine-nivona-nicr-790\\\/\",\"url\":\"https:\\\/\\\/www.biopapa.lv\\\/en\\\/produkts\\\/automatic-coffee-machine-nivona-nicr-790\\\/\",\"name\":\"Automatic coffee machine NIVONA NICR 790 - Biopapa\",\"isPartOf\":{\"@id\":\"https:\\\/\\\/www.biopapa.lv\\\/en\\\/#website\"},\"primaryImageOfPage\":{\"@id\":\"https:\\\/\\\/www.biopapa.lv\\\/en\\\/produkts\\\/automatic-coffee-machine-nivona-nicr-790\\\/#primaryimage\"},\"image\":{\"@id\":\"https:\\\/\\\/www.biopapa.lv\\\/en\\\/produkts\\\/automatic-coffee-machine-nivona-nicr-790\\\/#primaryimage\"},\"thumbnailUrl\":\"https:\\\/\\\/www.biopapa.lv\\\/wp-content\\\/uploads\\\/2026\\\/01\\\/Automatiskais-kafijas-aparats-NIVONA-NICR-790.webp\",\"datePublished\":\"2026-01-04T16:16:27+00:00\",\"description\":\"The NIVONA NICR 790 automatic coffee machine is a high-end model for espresso and black coffee lovers with the Aromatica System, a quiet grinder and a TFT screen.\",\"breadcrumb\":{\"@id\":\"https:\\\/\\\/www.biopapa.lv\\\/en\\\/produkts\\\/automatic-coffee-machine-nivona-nicr-790\\\/#breadcrumb\"},\"inLanguage\":\"en-US\",\"potentialAction\":[{\"@type\":\"ReadAction\",\"target\":[\"https:\\\/\\\/www.biopapa.lv\\\/en\\\/produkts\\\/automatic-coffee-machine-nivona-nicr-790\\\/\"]}]},{\"@type\":\"ImageObject\",\"inLanguage\":\"en-US\",\"@id\":\"https:\\\/\\\/www.biopapa.lv\\\/en\\\/produkts\\\/automatic-coffee-machine-nivona-nicr-790\\\/#primaryimage\",\"url\":\"https:\\\/\\\/www.biopapa.lv\\\/wp-content\\\/uploads\\\/2026\\\/01\\\/Automatiskais-kafijas-aparats-NIVONA-NICR-790.webp\",\"contentUrl\":\"https:\\\/\\\/www.biopapa.lv\\\/wp-content\\\/uploads\\\/2026\\\/01\\\/Automatiskais-kafijas-aparats-NIVONA-NICR-790.webp\",\"width\":800,\"height\":640},{\"@type\":\"BreadcrumbList\",\"@id\":\"https:\\\/\\\/www.biopapa.lv\\\/en\\\/produkts\\\/automatic-coffee-machine-nivona-nicr-790\\\/#breadcrumb\",\"itemListElement\":[{\"@type\":\"ListItem\",\"position\":1,\"name\":\"Home\",\"item\":\"https:\\\/\\\/www.biopapa.lv\\\/en\\\/\"},{\"@type\":\"ListItem\",\"position\":2,\"name\":\"Food\",\"item\":\"https:\\\/\\\/www.biopapa.lv\\\/en\\\/shop\\\/\"},{\"@type\":\"ListItem\",\"position\":3,\"name\":\"Automatic coffee machine NIVONA NICR 790\"}]},{\"@type\":\"WebSite\",\"@id\":\"https:\\\/\\\/www.biopapa.lv\\\/en\\\/#website\",\"url\":\"https:\\\/\\\/www.biopapa.lv\\\/en\\\/\",\"name\":\"Biopapa\",\"description\":\"Biolo\u0123iski un t\u012bri produkti\",\"publisher\":{\"@id\":\"https:\\\/\\\/www.biopapa.lv\\\/en\\\/#organization\"},\"potentialAction\":[{\"@type\":\"SearchAction\",\"target\":{\"@type\":\"EntryPoint\",\"urlTemplate\":\"https:\\\/\\\/www.biopapa.lv\\\/en\\\/?s={search_term_string}\"},\"query-input\":{\"@type\":\"PropertyValueSpecification\",\"valueRequired\":true,\"valueName\":\"search_term_string\"}}],\"inLanguage\":\"en-US\"},{\"@type\":\"Organization\",\"@id\":\"https:\\\/\\\/www.biopapa.lv\\\/en\\\/#organization\",\"name\":\"Biopapa\",\"url\":\"https:\\\/\\\/www.biopapa.lv\\\/en\\\/\",\"logo\":{\"@type\":\"ImageObject\",\"inLanguage\":\"en-US\",\"@id\":\"https:\\\/\\\/www.biopapa.lv\\\/en\\\/#\\\/schema\\\/logo\\\/image\\\/\",\"url\":\"https:\\\/\\\/biopapa.lv\\\/wp-content\\\/uploads\\\/2022\\\/02\\\/Biopapa_logo_ps.jpg\",\"contentUrl\":\"https:\\\/\\\/biopapa.lv\\\/wp-content\\\/uploads\\\/2022\\\/02\\\/Biopapa_logo_ps.jpg\",\"width\":1000,\"height\":1000,\"caption\":\"Biopapa\"},\"image\":{\"@id\":\"https:\\\/\\\/www.biopapa.lv\\\/en\\\/#\\\/schema\\\/logo\\\/image\\\/\"},\"sameAs\":[\"https:\\\/\\\/www.facebook.com\\\/biopapa.lv\"]}]}<\/script>\n<!-- \/ Yoast SEO plugin. -->","yoast_head_json":{"title":"Automatic coffee machine NIVONA NICR 790 - Biopapa","description":"The NIVONA NICR 790 automatic coffee machine is a high-end model for espresso and black coffee lovers with the Aromatica System, a quiet grinder and a TFT screen.","robots":{"index":"index","follow":"follow","max-snippet":"max-snippet:-1","max-image-preview":"max-image-preview:large","max-video-preview":"max-video-preview:-1"},"canonical":"https:\/\/www.biopapa.lv\/en\/produkts\/automatic-coffee-machine-nivona-nicr-790\/","og_locale":"en_US","og_type":"article","og_title":"Automatic coffee machine NIVONA NICR 790 - Biopapa","og_description":"The NIVONA NICR 790 automatic coffee machine is a high-end model for espresso and black coffee lovers with the Aromatica System, a quiet grinder and a TFT screen.","og_url":"https:\/\/www.biopapa.lv\/en\/produkts\/automatic-coffee-machine-nivona-nicr-790\/","og_site_name":"Biopapa","article_publisher":"https:\/\/www.facebook.com\/biopapa.lv","og_image":[{"width":800,"height":640,"url":"https:\/\/www.biopapa.lv\/wp-content\/uploads\/2026\/01\/Automatiskais-kafijas-aparats-NIVONA-NICR-790.webp","type":"image\/webp"}],"twitter_card":"summary_large_image","twitter_misc":{"Est. reading time":"2 minutes"},"schema":{"@context":"https:\/\/schema.org","@graph":[{"@type":"WebPage","@id":"https:\/\/www.biopapa.lv\/en\/produkts\/automatic-coffee-machine-nivona-nicr-790\/","url":"https:\/\/www.biopapa.lv\/en\/produkts\/automatic-coffee-machine-nivona-nicr-790\/","name":"Automatic coffee machine NIVONA NICR 790 - Biopapa","isPartOf":{"@id":"https:\/\/www.biopapa.lv\/en\/#website"},"primaryImageOfPage":{"@id":"https:\/\/www.biopapa.lv\/en\/produkts\/automatic-coffee-machine-nivona-nicr-790\/#primaryimage"},"image":{"@id":"https:\/\/www.biopapa.lv\/en\/produkts\/automatic-coffee-machine-nivona-nicr-790\/#primaryimage"},"thumbnailUrl":"https:\/\/www.biopapa.lv\/wp-content\/uploads\/2026\/01\/Automatiskais-kafijas-aparats-NIVONA-NICR-790.webp","datePublished":"2026-01-04T16:16:27+00:00","description":"The NIVONA NICR 790 automatic coffee machine is a high-end model for espresso and black coffee lovers with the Aromatica System, a quiet grinder and a TFT screen.","breadcrumb":{"@id":"https:\/\/www.biopapa.lv\/en\/produkts\/automatic-coffee-machine-nivona-nicr-790\/#breadcrumb"},"inLanguage":"en-US","potentialAction":[{"@type":"ReadAction","target":["https:\/\/www.biopapa.lv\/en\/produkts\/automatic-coffee-machine-nivona-nicr-790\/"]}]},{"@type":"ImageObject","inLanguage":"en-US","@id":"https:\/\/www.biopapa.lv\/en\/produkts\/automatic-coffee-machine-nivona-nicr-790\/#primaryimage","url":"https:\/\/www.biopapa.lv\/wp-content\/uploads\/2026\/01\/Automatiskais-kafijas-aparats-NIVONA-NICR-790.webp","contentUrl":"https:\/\/www.biopapa.lv\/wp-content\/uploads\/2026\/01\/Automatiskais-kafijas-aparats-NIVONA-NICR-790.webp","width":800,"height":640},{"@type":"BreadcrumbList","@id":"https:\/\/www.biopapa.lv\/en\/produkts\/automatic-coffee-machine-nivona-nicr-790\/#breadcrumb","itemListElement":[{"@type":"ListItem","position":1,"name":"Home","item":"https:\/\/www.biopapa.lv\/en\/"},{"@type":"ListItem","position":2,"name":"Food","item":"https:\/\/www.biopapa.lv\/en\/shop\/"},{"@type":"ListItem","position":3,"name":"Automatic coffee machine NIVONA NICR 790"}]},{"@type":"WebSite","@id":"https:\/\/www.biopapa.lv\/en\/#website","url":"https:\/\/www.biopapa.lv\/en\/","name":"Biopapa","description":"Biolo\u0123iski un t\u012bri produkti","publisher":{"@id":"https:\/\/www.biopapa.lv\/en\/#organization"},"potentialAction":[{"@type":"SearchAction","target":{"@type":"EntryPoint","urlTemplate":"https:\/\/www.biopapa.lv\/en\/?s={search_term_string}"},"query-input":{"@type":"PropertyValueSpecification","valueRequired":true,"valueName":"search_term_string"}}],"inLanguage":"en-US"},{"@type":"Organization","@id":"https:\/\/www.biopapa.lv\/en\/#organization","name":"Biopapa","url":"https:\/\/www.biopapa.lv\/en\/","logo":{"@type":"ImageObject","inLanguage":"en-US","@id":"https:\/\/www.biopapa.lv\/en\/#\/schema\/logo\/image\/","url":"https:\/\/biopapa.lv\/wp-content\/uploads\/2022\/02\/Biopapa_logo_ps.jpg","contentUrl":"https:\/\/biopapa.lv\/wp-content\/uploads\/2022\/02\/Biopapa_logo_ps.jpg","width":1000,"height":1000,"caption":"Biopapa"},"image":{"@id":"https:\/\/www.biopapa.lv\/en\/#\/schema\/logo\/image\/"},"sameAs":["https:\/\/www.facebook.com\/biopapa.lv"]}]}},"_links":{"self":[{"href":"https:\/\/www.biopapa.lv\/en\/wp-json\/wp\/v2\/product\/83918","targetHints":{"allow":["GET"]}}],"collection":[{"href":"https:\/\/www.biopapa.lv\/en\/wp-json\/wp\/v2\/product"}],"about":[{"href":"https:\/\/www.biopapa.lv\/en\/wp-json\/wp\/v2\/types\/product"}],"wp:featuredmedia":[{"embeddable":true,"href":"https:\/\/www.biopapa.lv\/en\/wp-json\/wp\/v2\/media\/83818"}],"wp:attachment":[{"href":"https:\/\/www.biopapa.lv\/en\/wp-json\/wp\/v2\/media?parent=83918"}],"wp:term":[{"taxonomy":"product_brand","embeddable":true,"href":"https:\/\/www.biopapa.lv\/en\/wp-json\/wp\/v2\/product_brand?post=83918"},{"taxonomy":"product_cat","embeddable":true,"href":"https:\/\/www.biopapa.lv\/en\/wp-json\/wp\/v2\/product_cat?post=83918"},{"taxonomy":"product_tag","embeddable":true,"href":"https:\/\/www.biopapa.lv\/en\/wp-json\/wp\/v2\/product_tag?post=83918"},{"taxonomy":"woo-feed-brand","embeddable":true,"href":"https:\/\/www.biopapa.lv\/en\/wp-json\/wp\/v2\/woo-feed-brand?post=83918"}],"curies":[{"name":"wp","href":"https:\/\/api.w.org\/{rel}","templated":true}]}}