{"id":23851,"date":"2017-02-22T13:37:41","date_gmt":"2017-02-22T11:37:41","guid":{"rendered":"https:\/\/www.biopapa.lv\/my-account-2\/"},"modified":"2023-12-28T20:13:29","modified_gmt":"2023-12-28T18:13:29","slug":"my-account-2","status":"publish","type":"page","link":"https:\/\/www.biopapa.lv\/ru\/my-account-2\/","title":{"rendered":"My Account"},"content":{"rendered":"<div class=\"woocommerce\"><div class=\"woocommerce-notices-wrapper\"><\/div>\n<div class=\"wd-registration-page wd-register-tabs\">\n\n\n<div class=\"wd-grid-f-col\" id=\"customer_login\">\n\n\t<div class=\"wd-col col-login\">\n\n\n\t\t<h2 class=\"wd-login-title\">\u0412\u0445\u043e\u0434<\/h2>\n\n\t\t\t\t\t<form method=\"post\" class=\"login woocommerce-form woocommerce-form-login\" action=\"https:\/\/www.biopapa.lv\/ru\/my-account-2\/?action=login\">\n\n\t\t\t\t\n\t\t\t\t\n\t\t\t\t<p class=\"woocommerce-FormRow woocommerce-FormRow--wide form-row form-row-wide form-row-username\">\n\t\t\t\t\t<label for=\"username\">\u041b\u043e\u0433\u0438\u043d \u0438\u043b\u0438 \u0430\u0434\u0440\u0435\u0441 \u044d\u043b\u0435\u043a\u0442\u0440\u043e\u043d\u043d\u043e\u0439 \u043f\u043e\u0447\u0442\u044b&nbsp;<span class=\"required\" aria-hidden=\"true\">*<\/span><span class=\"screen-reader-text\">\u041e\u0431\u044f\u0437\u0430\u0442\u0435\u043b\u044c\u043d\u043e<\/span><\/label>\n\t\t\t\t\t<input type=\"text\" class=\"woocommerce-Input woocommerce-Input--text input-text\" name=\"username\" id=\"username\" autocomplete=\"username\" value=\"\" \/>\t\t\t\t<\/p>\n\t\t\t\t<p class=\"woocommerce-FormRow woocommerce-FormRow--wide form-row form-row-wide form-row-password\">\n\t\t\t\t\t<label for=\"password\">Password&nbsp;<span class=\"required\" aria-hidden=\"true\">*<\/span><span class=\"screen-reader-text\">\u041e\u0431\u044f\u0437\u0430\u0442\u0435\u043b\u044c\u043d\u043e<\/span><\/label>\n\t\t\t\t\t<input class=\"woocommerce-Input woocommerce-Input--text input-text\" type=\"password\" name=\"password\" id=\"password\" autocomplete=\"current-password\" \/>\n\t\t\t\t<\/p>\n\n\t\t\t\t\t\t<div id=\"cf-turnstile-woo-login-1718416942\"\r\n\t\tclass=\"cf-turnstile sct-woocommerce-login\" \t\tdata-sitekey=\"0x4AAAAAAA6cdfZuggqaHmdu\"\r\n\t\tdata-theme=\"light\"\r\n\t\tdata-language=\"auto\"\r\n\t\tdata-size=\"normal\"\r\n\t\tdata-retry=\"auto\" data-retry-interval=\"1000\"\r\n\t\tdata-refresh-expired=\"auto\"\r\n\t\tdata-action=\"woocommerce-login-1718416942\"\r\n\t\t\t\tdata-appearance=\"always\"><\/div>\r\n\t\t\t<script>document.addEventListener(\"DOMContentLoaded\", function() { setTimeout(function(){ var e=document.getElementById(\"cf-turnstile-woo-login-1718416942\"); e&&!e.innerHTML.trim()&&(turnstile.remove(\"#cf-turnstile-woo-login-1718416942\"), turnstile.render(\"#cf-turnstile-woo-login-1718416942\", {sitekey:\"0x4AAAAAAA6cdfZuggqaHmdu\"})); }, 100); });<\/script>\r\n\t\t\t<br class=\"cf-turnstile-br cf-turnstile-br-woo-login-1718416942\">\r\n\t\t\t\t<style>#cf-turnstile-woo-login-1718416942 { margin-left: -15px; }<\/style>\r\n\t\t\n\t\t\t\t<p class=\"form-row form-row-btn\">\n\t\t\t\t\t<input type=\"hidden\" id=\"woocommerce-login-nonce\" name=\"woocommerce-login-nonce\" value=\"c47733a7d6\" \/><input type=\"hidden\" name=\"_wp_http_referer\" value=\"\/ru\/wp-json\/wp\/v2\/pages\/23851\" \/>\t\t\t\t\t\t\t\t\t\t<button type=\"submit\" class=\"button btn btn-accent woocommerce-button woocommerce-form-login__submit\" name=\"login\" value=\"Log in\">Log in<\/button>\n\t\t\t\t<\/p>\n\n\t\t\t\t<p class=\"login-form-footer\">\n\t\t\t\t\t<a href=\"https:\/\/www.biopapa.lv\/ru\/my-account-2\/lost-password\/\" class=\"woocommerce-LostPassword lost_password\">Lost your password?<\/a>\n\t\t\t\t\t<label class=\"woocommerce-form__label woocommerce-form__label-for-checkbox woocommerce-form-login__rememberme\">\n\t\t\t\t\t\t<input class=\"woocommerce-form__input woocommerce-form__input-checkbox\" name=\"rememberme\" type=\"checkbox\" value=\"forever\" title=\"Remember me\" aria-label=\"Remember me\" \/> <span>Remember me<\/span>\n\t\t\t\t\t<\/label>\n\t\t\t\t<\/p>\n\n\t\t\t\t\n\t\t\t\t\t\t\t<\/form>\n\n\t\t\n\n\t<\/div>\n\n\t<div class=\"wd-col col-register\">\n\n\t\t<h2 class=\"wd-login-title\">\u0420\u0435\u0433\u0438\u0441\u0442\u0440\u0430\u0446\u0438\u044f<\/h2>\n\n\t\t\t\t<form method=\"post\" action=\"https:\/\/www.biopapa.lv\/ru\/my-account-2\/?action=register\" class=\"woocommerce-form woocommerce-form-register register\"  >\n\t\t\n\t\t\t\t\t\n\t\t\t\t\t\n\t\t\t<p class=\"woocommerce-form-row woocommerce-form-row--wide form-row form-row-wide\">\n\t\t\t\t<label for=\"reg_email\">\u042d\u043b\u0435\u043a\u0442\u0440\u043e\u043d\u043d\u0430\u044f \u043f\u043e\u0447\u0442\u0430 &nbsp;<span class=\"required\" aria-hidden=\"true\">*<\/span><span class=\"screen-reader-text\">\u041e\u0431\u044f\u0437\u0430\u0442\u0435\u043b\u044c\u043d\u043e<\/span><\/label>\n\t\t\t\t<input type=\"email\" class=\"woocommerce-Input woocommerce-Input--text input-text\" name=\"email\" id=\"reg_email\" autocomplete=\"email\" value=\"\" \/>\t\t\t<\/p>\n\t\t\n\t\t\t\t\t\n\t\t\t\t<p>\u0421\u0441\u044b\u043b\u043a\u0430 \u0434\u043b\u044f \u0443\u0441\u0442\u0430\u043d\u043e\u0432\u043a\u0438 \u043d\u043e\u0432\u043e\u0433\u043e \u043f\u0430\u0440\u043e\u043b\u044f \u0431\u0443\u0434\u0435\u0442 \u043e\u0442\u043f\u0440\u0430\u0432\u043b\u0435\u043d\u0430 \u200b\u200b\u043d\u0430 \u0432\u0430\u0448 \u0430\u0434\u0440\u0435\u0441 \u044d\u043b\u0435\u043a\u0442\u0440\u043e\u043d\u043d\u043e\u0439 \u043f\u043e\u0447\u0442\u044b.<\/p>\n\t\t\n\t\t\t\t\t\n\t\t\t<div style=\"left: -999em; position: absolute;\"><label for=\"trap\">Anti-spam<\/label><input type=\"text\" name=\"email_2\" id=\"trap\" tabindex=\"-1\" \/><\/div>\n\t\t\n\t\t\t\t\t<div id=\"cf-turnstile-woo-register-3607518628\"\r\n\t\tclass=\"cf-turnstile sct-woocommerce-register\" \t\tdata-sitekey=\"0x4AAAAAAA6cdfZuggqaHmdu\"\r\n\t\tdata-theme=\"light\"\r\n\t\tdata-language=\"auto\"\r\n\t\tdata-size=\"normal\"\r\n\t\tdata-retry=\"auto\" data-retry-interval=\"1000\"\r\n\t\tdata-refresh-expired=\"auto\"\r\n\t\tdata-action=\"woocommerce-register-3607518628\"\r\n\t\t\t\tdata-appearance=\"always\"><\/div>\r\n\t\t\t<script>document.addEventListener(\"DOMContentLoaded\", function() { setTimeout(function(){ var e=document.getElementById(\"cf-turnstile-woo-register-3607518628\"); e&&!e.innerHTML.trim()&&(turnstile.remove(\"#cf-turnstile-woo-register-3607518628\"), turnstile.render(\"#cf-turnstile-woo-register-3607518628\", {sitekey:\"0x4AAAAAAA6cdfZuggqaHmdu\"})); }, 100); });<\/script>\r\n\t\t\t<br class=\"cf-turnstile-br cf-turnstile-br-woo-register-3607518628\">\r\n\t\t\t\t<style>#cf-turnstile-woo-register-3607518628 { margin-left: -15px; }<\/style>\r\n\t\t<wc-order-attribution-inputs><\/wc-order-attribution-inputs><div class=\"woocommerce-privacy-policy-text\"><p>J\u016bsu personas dati tiks izmantoti, lai uzlabotu j\u016bsu pieredzi \u0161aj\u0101 t\u012bmek\u013ca vietn\u0113, p\u0101rvald\u012btu piek\u013cuvi J\u016bsu kontam un citiem m\u0113r\u0137iem, kas aprakst\u012bti m\u016bsu <a href=\"https:\/\/www.biopapa.lv\/privatuma-politika\/\" class=\"woocommerce-privacy-policy-link\" target=\"_blank\">\u043f\u043e\u043b\u0438\u0442\u0438\u043a\u0430 \u043a\u043e\u043d\u0444\u0438\u0434\u0435\u043d\u0446\u0438\u0430\u043b\u044c\u043d\u043e\u0441\u0442\u0438<\/a>.<\/p>\n<\/div>\t\t\n\t\t\t<p class=\"woocommerce-form-row form-row form-row-btn\">\n\t\t\t\t<input type=\"hidden\" id=\"woocommerce-register-nonce\" name=\"woocommerce-register-nonce\" value=\"5a6e8cbdc0\" \/><input type=\"hidden\" name=\"_wp_http_referer\" value=\"\/ru\/wp-json\/wp\/v2\/pages\/23851\" \/>\t\t\t\t<button type=\"submit\" class=\"woocommerce-Button woocommerce-button btn btn-accent button\" name=\"register\" value=\"\u0420\u0435\u0433\u0438\u0441\u0442\u0440\u0430\u0446\u0438\u044f\">\u0420\u0435\u0433\u0438\u0441\u0442\u0440\u0430\u0446\u0438\u044f<\/button>\n\t\t\t<\/p>\n\t\t\n\t\t\t\t\t\n\t\t<\/form>\n\t\t\n\t<\/div>\n\n\t\t\t<div class=\"wd-col col-register-text\">\n\n\t\t\t<p class=\"title wd-login-divider\"><span>Or<\/span><\/p>\n\n\t\t\t\n\t\t\t\t\t\t\t<h2 class=\"wd-login-title\">Re\u0123istr\u0113ties<\/h2>\n\t\t\t\n\t\t\t\n\t\t\t\t\t\t\t<div class=\"registration-info\">Re\u0123istr\u0113joties \u0161aj\u0101 m\u0101jaslap\u0101, tu var\u0113si apskat\u012bt pas\u016bt\u012bjumu statusu un pas\u016bt\u012bjumu v\u0113sturi. Aizpildi zem\u0101k redzamos laukus un \u0101tri vien m\u0113s tev izveidosim profilu. M\u0113s pras\u0101m tikai inform\u0101ciju, kas nepiecie\u0161ama, lai pirkuma process b\u016btu \u0101tr\u0101ks un vienk\u0101r\u0161\u0101ks.<\/div>\n\t\t\t\n\t\t\t\n\t\t\t<a href=\"#\" rel=\"nofollow noopener\" class=\"btn btn-default wd-switch-to-register\" data-login=\"\u0412\u0445\u043e\u0434\" data-login-title=\"Piesl\u0113gties\" data-reg-title=\"Re\u0123istr\u0113ties\" data-register=\"\u0420\u0435\u0433\u0438\u0441\u0442\u0440\u0430\u0446\u0438\u044f\">\u0420\u0435\u0433\u0438\u0441\u0442\u0440\u0430\u0446\u0438\u044f<\/a>\n\n\t\t<\/div>\n\t\n<\/div>\n\n<\/div>\n\n<\/div>\n","protected":false},"excerpt":{"rendered":"\u0412\u0445\u043e\u0434 \u041b\u043e\u0433\u0438\u043d \u0438\u043b\u0438 \u0430\u0434\u0440\u0435\u0441 \u044d\u043b\u0435\u043a\u0442\u0440\u043e\u043d\u043d\u043e\u0439 \u043f\u043e\u0447\u0442\u044b&nbsp;*\u041e\u0431\u044f\u0437\u0430\u0442\u0435\u043b\u044c\u043d\u043e Password&nbsp;*\u041e\u0431\u044f\u0437\u0430\u0442\u0435\u043b\u044c\u043d\u043e Log in Lost your password? Remember me \u0420\u0435\u0433\u0438\u0441\u0442\u0440\u0430\u0446\u0438\u044f \u042d\u043b\u0435\u043a\u0442\u0440\u043e\u043d\u043d\u0430\u044f \u043f\u043e\u0447\u0442\u0430 &nbsp;*\u041e\u0431\u044f\u0437\u0430\u0442\u0435\u043b\u044c\u043d\u043e \u0421\u0441\u044b\u043b\u043a\u0430 \u0434\u043b\u044f","protected":false},"author":389,"featured_media":0,"parent":0,"menu_order":0,"comment_status":"closed","ping_status":"closed","template":"","meta":{"_acf_changed":false,"footnotes":""},"class_list":["post-23851","page","type-page","status-publish","hentry"],"acf":[],"yoast_head":"<!-- This site is optimized with the Yoast SEO plugin v27.3 - https:\/\/yoast.com\/product\/yoast-seo-wordpress\/ -->\n<title>My Account - Biopapa<\/title>\n<meta name=\"robots\" content=\"index, follow, max-snippet:-1, max-image-preview:large, max-video-preview:-1\" \/>\n<link rel=\"canonical\" href=\"https:\/\/www.biopapa.lv\/ru\/my-account-2\/\" \/>\n<meta property=\"og:locale\" content=\"ru_RU\" \/>\n<meta property=\"og:type\" content=\"article\" \/>\n<meta property=\"og:title\" content=\"My Account - Biopapa\" \/>\n<meta property=\"og:url\" content=\"https:\/\/www.biopapa.lv\/ru\/my-account-2\/\" \/>\n<meta property=\"og:site_name\" content=\"Biopapa\" \/>\n<meta property=\"article:publisher\" content=\"https:\/\/www.facebook.com\/biopapa.lv\" \/>\n<meta property=\"article:modified_time\" content=\"2023-12-28T18:13:29+00:00\" \/>\n<meta property=\"og:image\" content=\"https:\/\/www.biopapa.lv\/wp-content\/uploads\/2022\/02\/Biopapa_logo_ps.jpg\" \/>\n\t<meta property=\"og:image:width\" content=\"1000\" \/>\n\t<meta property=\"og:image:height\" content=\"1000\" \/>\n\t<meta property=\"og:image:type\" content=\"image\/jpeg\" \/>\n<meta name=\"twitter:card\" content=\"summary_large_image\" \/>\n<script type=\"application\/ld+json\" class=\"yoast-schema-graph\">{\"@context\":\"https:\\\/\\\/schema.org\",\"@graph\":[{\"@type\":\"WebPage\",\"@id\":\"https:\\\/\\\/www.biopapa.lv\\\/ru\\\/my-account-2\\\/\",\"url\":\"https:\\\/\\\/www.biopapa.lv\\\/ru\\\/my-account-2\\\/\",\"name\":\"My Account - Biopapa\",\"isPartOf\":{\"@id\":\"https:\\\/\\\/www.biopapa.lv\\\/ru\\\/#website\"},\"datePublished\":\"2017-02-22T11:37:41+00:00\",\"dateModified\":\"2023-12-28T18:13:29+00:00\",\"breadcrumb\":{\"@id\":\"https:\\\/\\\/www.biopapa.lv\\\/ru\\\/my-account-2\\\/#breadcrumb\"},\"inLanguage\":\"ru-RU\",\"potentialAction\":[{\"@type\":\"ReadAction\",\"target\":[\"https:\\\/\\\/www.biopapa.lv\\\/ru\\\/my-account-2\\\/\"]}]},{\"@type\":\"BreadcrumbList\",\"@id\":\"https:\\\/\\\/www.biopapa.lv\\\/ru\\\/my-account-2\\\/#breadcrumb\",\"itemListElement\":[{\"@type\":\"ListItem\",\"position\":1,\"name\":\"Home\",\"item\":\"https:\\\/\\\/www.biopapa.lv\\\/ru\\\/\"},{\"@type\":\"ListItem\",\"position\":2,\"name\":\"My Account\"}]},{\"@type\":\"WebSite\",\"@id\":\"https:\\\/\\\/www.biopapa.lv\\\/ru\\\/#website\",\"url\":\"https:\\\/\\\/www.biopapa.lv\\\/ru\\\/\",\"name\":\"Biopapa\",\"description\":\"Biolo\u0123iski un t\u012bri produkti\",\"publisher\":{\"@id\":\"https:\\\/\\\/www.biopapa.lv\\\/ru\\\/#organization\"},\"potentialAction\":[{\"@type\":\"SearchAction\",\"target\":{\"@type\":\"EntryPoint\",\"urlTemplate\":\"https:\\\/\\\/www.biopapa.lv\\\/ru\\\/?s={search_term_string}\"},\"query-input\":{\"@type\":\"PropertyValueSpecification\",\"valueRequired\":true,\"valueName\":\"search_term_string\"}}],\"inLanguage\":\"ru-RU\"},{\"@type\":\"Organization\",\"@id\":\"https:\\\/\\\/www.biopapa.lv\\\/ru\\\/#organization\",\"name\":\"Biopapa\",\"url\":\"https:\\\/\\\/www.biopapa.lv\\\/ru\\\/\",\"logo\":{\"@type\":\"ImageObject\",\"inLanguage\":\"ru-RU\",\"@id\":\"https:\\\/\\\/www.biopapa.lv\\\/ru\\\/#\\\/schema\\\/logo\\\/image\\\/\",\"url\":\"https:\\\/\\\/biopapa.lv\\\/wp-content\\\/uploads\\\/2022\\\/02\\\/Biopapa_logo_ps.jpg\",\"contentUrl\":\"https:\\\/\\\/biopapa.lv\\\/wp-content\\\/uploads\\\/2022\\\/02\\\/Biopapa_logo_ps.jpg\",\"width\":1000,\"height\":1000,\"caption\":\"Biopapa\"},\"image\":{\"@id\":\"https:\\\/\\\/www.biopapa.lv\\\/ru\\\/#\\\/schema\\\/logo\\\/image\\\/\"},\"sameAs\":[\"https:\\\/\\\/www.facebook.com\\\/biopapa.lv\"]}]}<\/script>\n<!-- \/ Yoast SEO plugin. -->","yoast_head_json":{"title":"My Account - Biopapa","robots":{"index":"index","follow":"follow","max-snippet":"max-snippet:-1","max-image-preview":"max-image-preview:large","max-video-preview":"max-video-preview:-1"},"canonical":"https:\/\/www.biopapa.lv\/ru\/my-account-2\/","og_locale":"ru_RU","og_type":"article","og_title":"My Account - Biopapa","og_url":"https:\/\/www.biopapa.lv\/ru\/my-account-2\/","og_site_name":"Biopapa","article_publisher":"https:\/\/www.facebook.com\/biopapa.lv","article_modified_time":"2023-12-28T18:13:29+00:00","og_image":[{"width":1000,"height":1000,"url":"https:\/\/www.biopapa.lv\/wp-content\/uploads\/2022\/02\/Biopapa_logo_ps.jpg","type":"image\/jpeg"}],"twitter_card":"summary_large_image","schema":{"@context":"https:\/\/schema.org","@graph":[{"@type":"WebPage","@id":"https:\/\/www.biopapa.lv\/ru\/my-account-2\/","url":"https:\/\/www.biopapa.lv\/ru\/my-account-2\/","name":"My Account - Biopapa","isPartOf":{"@id":"https:\/\/www.biopapa.lv\/ru\/#website"},"datePublished":"2017-02-22T11:37:41+00:00","dateModified":"2023-12-28T18:13:29+00:00","breadcrumb":{"@id":"https:\/\/www.biopapa.lv\/ru\/my-account-2\/#breadcrumb"},"inLanguage":"ru-RU","potentialAction":[{"@type":"ReadAction","target":["https:\/\/www.biopapa.lv\/ru\/my-account-2\/"]}]},{"@type":"BreadcrumbList","@id":"https:\/\/www.biopapa.lv\/ru\/my-account-2\/#breadcrumb","itemListElement":[{"@type":"ListItem","position":1,"name":"Home","item":"https:\/\/www.biopapa.lv\/ru\/"},{"@type":"ListItem","position":2,"name":"My Account"}]},{"@type":"WebSite","@id":"https:\/\/www.biopapa.lv\/ru\/#website","url":"https:\/\/www.biopapa.lv\/ru\/","name":"Biopapa","description":"Biolo\u0123iski un t\u012bri produkti","publisher":{"@id":"https:\/\/www.biopapa.lv\/ru\/#organization"},"potentialAction":[{"@type":"SearchAction","target":{"@type":"EntryPoint","urlTemplate":"https:\/\/www.biopapa.lv\/ru\/?s={search_term_string}"},"query-input":{"@type":"PropertyValueSpecification","valueRequired":true,"valueName":"search_term_string"}}],"inLanguage":"ru-RU"},{"@type":"Organization","@id":"https:\/\/www.biopapa.lv\/ru\/#organization","name":"Biopapa","url":"https:\/\/www.biopapa.lv\/ru\/","logo":{"@type":"ImageObject","inLanguage":"ru-RU","@id":"https:\/\/www.biopapa.lv\/ru\/#\/schema\/logo\/image\/","url":"https:\/\/biopapa.lv\/wp-content\/uploads\/2022\/02\/Biopapa_logo_ps.jpg","contentUrl":"https:\/\/biopapa.lv\/wp-content\/uploads\/2022\/02\/Biopapa_logo_ps.jpg","width":1000,"height":1000,"caption":"Biopapa"},"image":{"@id":"https:\/\/www.biopapa.lv\/ru\/#\/schema\/logo\/image\/"},"sameAs":["https:\/\/www.facebook.com\/biopapa.lv"]}]}},"_links":{"self":[{"href":"https:\/\/www.biopapa.lv\/ru\/wp-json\/wp\/v2\/pages\/23851","targetHints":{"allow":["GET"]}}],"collection":[{"href":"https:\/\/www.biopapa.lv\/ru\/wp-json\/wp\/v2\/pages"}],"about":[{"href":"https:\/\/www.biopapa.lv\/ru\/wp-json\/wp\/v2\/types\/page"}],"author":[{"embeddable":true,"href":"https:\/\/www.biopapa.lv\/ru\/wp-json\/wp\/v2\/users\/389"}],"replies":[{"embeddable":true,"href":"https:\/\/www.biopapa.lv\/ru\/wp-json\/wp\/v2\/comments?post=23851"}],"version-history":[{"count":0,"href":"https:\/\/www.biopapa.lv\/ru\/wp-json\/wp\/v2\/pages\/23851\/revisions"}],"wp:attachment":[{"href":"https:\/\/www.biopapa.lv\/ru\/wp-json\/wp\/v2\/media?parent=23851"}],"curies":[{"name":"wp","href":"https:\/\/api.w.org\/{rel}","templated":true}]}}